{"id":855,"date":"2022-08-16T09:48:09","date_gmt":"2022-08-16T07:48:09","guid":{"rendered":"http:\/\/courir-ensemble-sathonay.fr\/?page_id=855"},"modified":"2022-10-08T19:53:58","modified_gmt":"2022-10-08T17:53:58","slug":"presentation-du-club","status":"publish","type":"page","link":"https:\/\/courir-ensemble-sathonay.fr\/index.php\/presentation-du-club\/","title":{"rendered":"Pr\u00e9sentation du club"},"content":{"rendered":"\n<div class=\"wp-block-columns is-layout-flex wp-container-core-columns-is-layout-28f84493 wp-block-columns-is-layout-flex\">\n<div class=\"wp-block-column is-layout-flow wp-block-column-is-layout-flow\" style=\"flex-basis:25%\">\n<figure class=\"wp-block-image size-large\"><img loading=\"lazy\" decoding=\"async\" width=\"1024\" height=\"852\" src=\"http:\/\/courir-ensemble-sathonay.fr\/wp-content\/uploads\/2022\/08\/cropped-cropped-COURIR-ENSENBLE-1-1024x852.jpg\" alt=\"\" class=\"wp-image-829\" srcset=\"https:\/\/courir-ensemble-sathonay.fr\/wp-content\/uploads\/2022\/08\/cropped-cropped-COURIR-ENSENBLE-1-1024x852.jpg 1024w, https:\/\/courir-ensemble-sathonay.fr\/wp-content\/uploads\/2022\/08\/cropped-cropped-COURIR-ENSENBLE-1-300x249.jpg 300w, https:\/\/courir-ensemble-sathonay.fr\/wp-content\/uploads\/2022\/08\/cropped-cropped-COURIR-ENSENBLE-1-768x639.jpg 768w, https:\/\/courir-ensemble-sathonay.fr\/wp-content\/uploads\/2022\/08\/cropped-cropped-COURIR-ENSENBLE-1.jpg 1158w\" sizes=\"auto, (max-width: 1024px) 100vw, 1024px\" \/><\/figure>\n\n\n\n<p class=\"has-text-align-center has-medium-font-size\">Horaires :<\/p>\n\n\n\n<ul class=\"wp-block-list\"><li>Mardi 19h00<\/li><li>Jeudi 19h00<\/li><li>Samedi 9h00<\/li><li>Dimanche 09h00<\/li><\/ul>\n\n\n\n<div class=\"wp-block-buttons is-layout-flex wp-block-buttons-is-layout-flex\">\n<div class=\"wp-block-button has-custom-width wp-block-button__width-100 has-custom-font-size is-style-fill has-small-font-size\"><a class=\"wp-block-button__link has-white-color has-vivid-cyan-blue-background-color has-text-color has-background\" href=\"http:\/\/courir-ensemble-sathonay.fr\/index.php\/les-seances-dentrainement-horaires-programmes\/\" style=\"border-radius:100px\">LES ENTRAINEMENTS<\/a><\/div>\n<\/div>\n<\/div>\n\n\n\n<div class=\"wp-block-column is-layout-flow wp-block-column-is-layout-flow\" style=\"flex-basis:50%\">\n<figure class=\"wp-block-image size-full is-resized\"><img loading=\"lazy\" decoding=\"async\" src=\"http:\/\/courir-ensemble-sathonay.fr\/wp-content\/uploads\/2022\/08\/170222_223602.jpg\" alt=\"\" class=\"wp-image-448\" width=\"340\" height=\"268\"\/><\/figure>\n<\/div>\n\n\n\n<div class=\"wp-block-column is-layout-flow wp-block-column-is-layout-flow\" style=\"flex-basis:25%\">\n<figure class=\"wp-block-image size-full\"><img loading=\"lazy\" decoding=\"async\" width=\"1024\" height=\"801\" src=\"http:\/\/courir-ensemble-sathonay.fr\/wp-content\/uploads\/2022\/10\/89d19eae-6294-44a3-b918-7d6457abe6d7.jpg\" alt=\"\" class=\"wp-image-926\" srcset=\"https:\/\/courir-ensemble-sathonay.fr\/wp-content\/uploads\/2022\/10\/89d19eae-6294-44a3-b918-7d6457abe6d7.jpg 1024w, https:\/\/courir-ensemble-sathonay.fr\/wp-content\/uploads\/2022\/10\/89d19eae-6294-44a3-b918-7d6457abe6d7-300x235.jpg 300w, https:\/\/courir-ensemble-sathonay.fr\/wp-content\/uploads\/2022\/10\/89d19eae-6294-44a3-b918-7d6457abe6d7-768x601.jpg 768w, https:\/\/courir-ensemble-sathonay.fr\/wp-content\/uploads\/2022\/10\/89d19eae-6294-44a3-b918-7d6457abe6d7-1000x782.jpg 1000w, https:\/\/courir-ensemble-sathonay.fr\/wp-content\/uploads\/2022\/10\/89d19eae-6294-44a3-b918-7d6457abe6d7-230x180.jpg 230w, https:\/\/courir-ensemble-sathonay.fr\/wp-content\/uploads\/2022\/10\/89d19eae-6294-44a3-b918-7d6457abe6d7-350x274.jpg 350w, https:\/\/courir-ensemble-sathonay.fr\/wp-content\/uploads\/2022\/10\/89d19eae-6294-44a3-b918-7d6457abe6d7-480x375.jpg 480w\" sizes=\"auto, (max-width: 1024px) 100vw, 1024px\" \/><\/figure>\n\n\n\n<p>Lieu de rendez-vous :<\/p>\n\n\n\n<p>Rue de la Poste<br>69580 SATHONAY-CAMP <\/p>\n\n\n\n<div class=\"wp-block-buttons is-layout-flex wp-block-buttons-is-layout-flex\">\n<div class=\"wp-block-button\"><a class=\"wp-block-button__link has-white-color has-vivid-cyan-blue-background-color has-text-color has-background\" href=\"https:\/\/www.google.fr\/maps\/place\/Rue+de+la+Poste,+69580+Sathonay-Camp\/@45.8249222,4.872615,17z\/data=!3m1!4b1!4m5!3m4!1s0x47f49565ccbccbb7:0x3b40c11a5d418d55!8m2!3d45.8249222!4d4.8748037\" style=\"border-radius:100px\">NOUS LOCALISER<\/a><\/div>\n<\/div>\n<\/div>\n<\/div>\n\n\n\n<p><strong>Nous sommes 60<u>&nbsp;adh\u00e9rents<\/u>&nbsp;dont 50% de f\u00e9minines pour qui la course \u00e0 pied est avant tout le plaisir de&nbsp;\u00a0\u00bb&nbsp;courir ensemble&nbsp;\u00ab\u00a0, de se retrouver entre amis(ies) et de participer \u00e0 des manifestations sportives dans la bonne humeur, la convivialit\u00e9 et surtout, sans pr\u00e9tention et contrainte.<\/strong><\/p>\n\n\n\n<p><strong>Ainsi, notre club participe \u00e0 des entra\u00eenements et courses sur tous les terrains (asphalte, chemins, course nature, course en montagne) et sur toutes les distances (du cross court, des semis et marathons\u2026)<\/strong><\/p>\n\n\n\n<p><strong>Nous nous en r\u00e9jouissons car quel que soit le niveau, l\u2019\u00e2ge\u2026, chacun trouve sa place dans notre club. M\u00eame si vous \u00eates d\u00e9butants, vous avez une place au sein de notre club car \u00e0 raison de 2 \u00e0 3 entra\u00eenements par semaine, vous progresserez tr\u00e8s rapidement.<\/strong><\/p>\n\n\n\n<p><strong>Afin de satisfaire du mieux possible la disparit\u00e9 de niveaux, notre club dispose de&nbsp;2&nbsp;entra\u00eeneurs dipl\u00f4m\u00e9s de la F.F.A et ayant les comp\u00e9tences pour encadrer un ou plusieurs groupes sur tous les terrains.<\/strong><\/p>\n\n\n\n<p><strong>Le rendez-vous pour les entra\u00eenements \u00e0 lieu \u00e0 notre local situ\u00e9 au fond de la rue de la Poste \u00e0 Sathonay-Camp aux jours et horaires suivants&nbsp;:<\/strong><\/p>\n\n\n\n<ul class=\"wp-block-list\"><li><strong>Le mardi&nbsp; 19 heures :&nbsp; S\u00e9ance de fractionn\u00e9<\/strong><\/li><li><strong>Le jeudi 19 heures : s\u00e9ance de footing l\u00e9ger<\/strong><\/li><li><strong>Le samedi 9 heures : s\u00e9ance sp\u00e9cifique selon les pr\u00e9parations en cours<\/strong><\/li><li><strong>Le dimanche 9 heures : s\u00e9ance m\u00ealant d\u00e9tente et d\u00e9couverte, \u00e0 travers les sentiers et les chemins de la commune de Sathonay-Camp, des communes avoisinantes avec parfois des sorties sur le site des Monts d&rsquo;Or.<\/strong><\/li><\/ul>\n\n\n\n<p><strong>Par ailleurs, le dimanche matin est souvent l&rsquo;occasion d&rsquo;un d\u00e9part group\u00e9 vers un lieu de comp\u00e9tition o\u00f9 un certain nombre d&rsquo;entre nous vont montrer les couleurs de notre Club, principalement dans la r\u00e9gion lyonnaise.<\/strong><\/p>\n\n\n\n<p><strong>Le club COURIR ENSEMBLE a \u00e9t\u00e9 cr\u00e9\u00e9 par une bande de copains il y a plus de 30 ans, tous anim\u00e9s par la passion de la course \u00e0 pied.<\/strong><\/p>\n\n\n\n<p><strong>Nous organisons depuis 15&nbsp;ans maintenant la course nature \u00ab\u00a0SATHO&rsquo;VERTE\u00a0\u00bb, qui&nbsp;<\/strong><strong>est \u00e0 l&rsquo;image de notre association et des adh\u00e9rents qui la compose, de qualit\u00e9, conviviale, organis\u00e9e pour le bonheur des coureurs avant tout.<\/strong><\/p>\n\n\n\n<p><strong>Alors, laissez vous tenter, osez faire le premier pas et venez faire un petit bout de chemin avec nous, vous ne serez pas jug\u00e9s sur vos performances mais plut\u00f4t sur vos envies de partager votre passion avec nous.<\/strong><\/p>\n\n\n\n<div class=\"wp-block-buttons is-layout-flex wp-block-buttons-is-layout-flex\">\n<div class=\"wp-block-button is-style-fill\"><a class=\"wp-block-button__link has-white-color has-vivid-cyan-blue-background-color has-text-color has-background\" href=\"https:\/\/www.facebook.com\/CourirEsembleSathonay\/\" target=\"_blank\" rel=\"noreferrer noopener\">FacEBOOK Courir ENSEMBLE SATHONAY<\/a><\/div>\n<\/div>\n\n\n\n<p><\/p>\n","protected":false},"excerpt":{"rendered":"<p>Horaires : Mardi 19h00 Jeudi 19h00 Samedi 9h00 Dimanche 09h00 Lieu de rendez-vous : Rue de la Poste69580 SATHONAY-CAMP Nous sommes 60&nbsp;adh\u00e9rents&nbsp;dont [&hellip;]<\/p>\n","protected":false},"author":1,"featured_media":0,"parent":0,"menu_order":0,"comment_status":"closed","ping_status":"closed","template":"","meta":{"footnotes":""},"class_list":["post-855","page","type-page","status-publish","hentry"],"_links":{"self":[{"href":"https:\/\/courir-ensemble-sathonay.fr\/index.php\/wp-json\/wp\/v2\/pages\/855","targetHints":{"allow":["GET"]}}],"collection":[{"href":"https:\/\/courir-ensemble-sathonay.fr\/index.php\/wp-json\/wp\/v2\/pages"}],"about":[{"href":"https:\/\/courir-ensemble-sathonay.fr\/index.php\/wp-json\/wp\/v2\/types\/page"}],"author":[{"embeddable":true,"href":"https:\/\/courir-ensemble-sathonay.fr\/index.php\/wp-json\/wp\/v2\/users\/1"}],"replies":[{"embeddable":true,"href":"https:\/\/courir-ensemble-sathonay.fr\/index.php\/wp-json\/wp\/v2\/comments?post=855"}],"version-history":[{"count":7,"href":"https:\/\/courir-ensemble-sathonay.fr\/index.php\/wp-json\/wp\/v2\/pages\/855\/revisions"}],"predecessor-version":[{"id":927,"href":"https:\/\/courir-ensemble-sathonay.fr\/index.php\/wp-json\/wp\/v2\/pages\/855\/revisions\/927"}],"wp:attachment":[{"href":"https:\/\/courir-ensemble-sathonay.fr\/index.php\/wp-json\/wp\/v2\/media?parent=855"}],"curies":[{"name":"wp","href":"https:\/\/api.w.org\/{rel}","templated":true}]}}